{"id":719,"date":"2024-02-02T13:57:37","date_gmt":"2024-02-02T13:57:37","guid":{"rendered":"https:\/\/mojodasspa.com\/?page_id=719"},"modified":"2024-02-02T14:02:57","modified_gmt":"2024-02-02T14:02:57","slug":"elementor-719","status":"publish","type":"page","link":"https:\/\/mojodasspa.com\/fr\/elementor-719\/","title":{"rendered":"Elementor #719"},"content":{"rendered":"<div data-elementor-type=\"wp-page\" data-elementor-id=\"719\" class=\"elementor elementor-719\" data-elementor-post-type=\"page\">\n\t\t\t\t\t\t\t\t\t<section class=\"elementor-section elementor-top-section elementor-element elementor-element-5a15760 elementor-section-full_width elementor-section-height-default elementor-section-height-default\" data-id=\"5a15760\" data-element_type=\"section\" data-settings=\"{&quot;background_background&quot;:&quot;classic&quot;}\">\n\t\t\t\t\t\t<div class=\"elementor-container elementor-column-gap-default\">\n\t\t\t\t\t<div class=\"elementor-column elementor-col-100 elementor-top-column elementor-element elementor-element-b262760\" data-id=\"b262760\" data-element_type=\"column\">\n\t\t\t<div class=\"elementor-widget-wrap elementor-element-populated\">\n\t\t\t\t\t\t\t\t<div class=\"elementor-element elementor-element-92e8f37 elementor-widget elementor-widget-spacer\" data-id=\"92e8f37\" data-element_type=\"widget\" data-widget_type=\"spacer.default\">\n\t\t\t\t<div class=\"elementor-widget-container\">\n\t\t\t<style>\/*! elementor - v3.18.0 - 20-12-2023 *\/\n.elementor-column .elementor-spacer-inner{height:var(--spacer-size)}.e-con{--container-widget-width:100%}.e-con-inner>.elementor-widget-spacer,.e-con>.elementor-widget-spacer{width:var(--container-widget-width,var(--spacer-size));--align-self:var(--container-widget-align-self,initial);--flex-shrink:0}.e-con-inner>.elementor-widget-spacer>.elementor-widget-container,.e-con>.elementor-widget-spacer>.elementor-widget-container{height:100%;width:100%}.e-con-inner>.elementor-widget-spacer>.elementor-widget-container>.elementor-spacer,.e-con>.elementor-widget-spacer>.elementor-widget-container>.elementor-spacer{height:100%}.e-con-inner>.elementor-widget-spacer>.elementor-widget-container>.elementor-spacer>.elementor-spacer-inner,.e-con>.elementor-widget-spacer>.elementor-widget-container>.elementor-spacer>.elementor-spacer-inner{height:var(--container-widget-height,var(--spacer-size))}.e-con-inner>.elementor-widget-spacer.elementor-widget-empty,.e-con>.elementor-widget-spacer.elementor-widget-empty{position:relative;min-height:22px;min-width:22px}.e-con-inner>.elementor-widget-spacer.elementor-widget-empty .elementor-widget-empty-icon,.e-con>.elementor-widget-spacer.elementor-widget-empty .elementor-widget-empty-icon{position:absolute;top:0;bottom:0;left:0;right:0;margin:auto;padding:0;width:22px;height:22px}<\/style>\t\t<div class=\"elementor-spacer\">\n\t\t\t<div class=\"elementor-spacer-inner\"><\/div>\n\t\t<\/div>\n\t\t\t\t<\/div>\n\t\t\t\t<\/div>\n\t\t\t\t\t<\/div>\n\t\t<\/div>\n\t\t\t\t\t\t\t<\/div>\n\t\t<\/section>\n\t\t\t\t<section class=\"elementor-section elementor-top-section elementor-element elementor-element-a15b122 elementor-section-boxed elementor-section-height-default elementor-section-height-default\" data-id=\"a15b122\" data-element_type=\"section\">\n\t\t\t\t\t\t<div class=\"elementor-container elementor-column-gap-default\">\n\t\t\t\t\t<div class=\"elementor-column elementor-col-100 elementor-top-column elementor-element elementor-element-7811bbb\" data-id=\"7811bbb\" data-element_type=\"column\">\n\t\t\t<div class=\"elementor-widget-wrap elementor-element-populated\">\n\t\t\t\t\t\t\t\t<div class=\"elementor-element elementor-element-eb9cc93 elementor-view-default elementor-widget elementor-widget-icon\" data-id=\"eb9cc93\" data-element_type=\"widget\" data-widget_type=\"icon.default\">\n\t\t\t\t<div class=\"elementor-widget-container\">\n\t\t\t\t\t<div class=\"elementor-icon-wrapper\">\n\t\t\t<div class=\"elementor-icon\">\n\t\t\t<svg aria-hidden=\"true\" class=\"e-font-icon-svg e-far-check-circle\" viewbox=\"0 0 512 512\" xmlns=\"http:\/\/www.w3.org\/2000\/svg\"><path d=\"M256 8C119.033 8 8 119.033 8 256s111.033 248 248 248 248-111.033 248-248S392.967 8 256 8zm0 48c110.532 0 200 89.451 200 200 0 110.532-89.451 200-200 200-110.532 0-200-89.451-200-200 0-110.532 89.451-200 200-200m140.204 130.267l-22.536-22.718c-4.667-4.705-12.265-4.736-16.97-.068L215.346 303.697l-59.792-60.277c-4.667-4.705-12.265-4.736-16.97-.069l-22.719 22.536c-4.705 4.667-4.736 12.265-.068 16.971l90.781 91.516c4.667 4.705 12.265 4.736 16.97.068l172.589-171.204c4.704-4.668 4.734-12.266.067-16.971z\"><\/path><\/svg>\t\t\t<\/div>\n\t\t<\/div>\n\t\t\t\t<\/div>\n\t\t\t\t<\/div>\n\t\t\t\t<div class=\"elementor-element elementor-element-013ae9d elementor-widget elementor-widget-heading\" data-id=\"013ae9d\" data-element_type=\"widget\" data-widget_type=\"heading.default\">\n\t\t\t\t<div class=\"elementor-widget-container\">\n\t\t\t<style>\/*! elementor - v3.18.0 - 20-12-2023 *\/\n.elementor-heading-title{padding:0;margin:0;line-height:1}.elementor-widget-heading .elementor-heading-title[class*=elementor-size-]>a{color:inherit;font-size:inherit;line-height:inherit}.elementor-widget-heading .elementor-heading-title.elementor-size-small{font-size:15px}.elementor-widget-heading .elementor-heading-title.elementor-size-medium{font-size:19px}.elementor-widget-heading .elementor-heading-title.elementor-size-large{font-size:29px}.elementor-widget-heading .elementor-heading-title.elementor-size-xl{font-size:39px}.elementor-widget-heading .elementor-heading-title.elementor-size-xxl{font-size:59px}<\/style><h2 class=\"elementor-heading-title elementor-size-default\">Votre demande a \u00e9t\u00e9 re\u00e7ue !<\/h2>\t\t<\/div>\n\t\t\t\t<\/div>\n\t\t\t\t<div class=\"elementor-element elementor-element-f10a7d6 elementor-widget elementor-widget-heading\" data-id=\"f10a7d6\" data-element_type=\"widget\" data-widget_type=\"heading.default\">\n\t\t\t\t<div class=\"elementor-widget-container\">\n\t\t\t<h2 class=\"elementor-heading-title elementor-size-default\">Nous vous contacterons prochainement !<\/h2>\t\t<\/div>\n\t\t\t\t<\/div>\n\t\t\t\t<div class=\"elementor-element elementor-element-37cd5ee elementor-align-center elementor-widget elementor-widget-button\" data-id=\"37cd5ee\" data-element_type=\"widget\" data-widget_type=\"button.default\">\n\t\t\t\t<div class=\"elementor-widget-container\">\n\t\t\t\t\t<div class=\"elementor-button-wrapper\">\n\t\t\t<a class=\"elementor-button elementor-button-link elementor-size-sm\" href=\"https:\/\/mojodasspa.com\/fr\/verslo-klientams\/\">\n\t\t\t\t\t\t<span class=\"elementor-button-content-wrapper\">\n\t\t\t\t\t\t<span class=\"elementor-button-text\">Retour au catalogue B2B<\/span>\n\t\t<\/span>\n\t\t\t\t\t<\/a>\n\t\t<\/div>\n\t\t\t\t<\/div>\n\t\t\t\t<\/div>\n\t\t\t\t\t<\/div>\n\t\t<\/div>\n\t\t\t\t\t\t\t<\/div>\n\t\t<\/section>\n\t\t\t\t\t\t\t<\/div>","protected":false},"excerpt":{"rendered":"<p>J\u016bs\u0173 u\u017eklaus\u0105 gavome! Susisieksime su jumis artimiausiu metu! Gr\u012f\u017eti \u012f B2B katalog\u0105<\/p>","protected":false},"author":1,"featured_media":0,"parent":0,"menu_order":0,"comment_status":"closed","ping_status":"closed","template":"","meta":{"footnotes":""},"class_list":["post-719","page","type-page","status-publish","hentry"],"acf":[],"yoast_head":"<!-- This site is optimized with the Yoast SEO plugin v22.6 - https:\/\/yoast.com\/wordpress\/plugins\/seo\/ -->\n<title>Elementor #719 - Mojodas SPA<\/title>\n<meta name=\"robots\" content=\"index, follow, max-snippet:-1, max-image-preview:large, max-video-preview:-1\" \/>\n<link rel=\"canonical\" href=\"https:\/\/mojodasspa.com\/fr\/elementor-719\/\" \/>\n<meta property=\"og:locale\" content=\"fr_FR\" \/>\n<meta property=\"og:type\" content=\"article\" \/>\n<meta property=\"og:title\" content=\"Elementor #719 - Mojodas SPA\" \/>\n<meta property=\"og:description\" content=\"J\u016bs\u0173 u\u017eklaus\u0105 gavome! Susisieksime su jumis artimiausiu metu! Gr\u012f\u017eti \u012f B2B katalog\u0105\" \/>\n<meta property=\"og:url\" content=\"https:\/\/mojodasspa.com\/fr\/elementor-719\/\" \/>\n<meta property=\"og:site_name\" content=\"Mojodas SPA\" \/>\n<meta property=\"article:publisher\" content=\"https:\/\/www.facebook.com\/profile.php?id=100093498679568\" \/>\n<meta property=\"article:modified_time\" content=\"2024-02-02T14:02:57+00:00\" \/>\n<meta property=\"og:image\" content=\"https:\/\/mojodasspa.com\/wp-content\/uploads\/2024\/02\/Foto-46-scaled.jpg\" \/>\n\t<meta property=\"og:image:width\" content=\"2560\" \/>\n\t<meta property=\"og:image:height\" content=\"1310\" \/>\n\t<meta property=\"og:image:type\" content=\"image\/jpeg\" \/>\n<meta name=\"twitter:card\" content=\"summary_large_image\" \/>\n<script type=\"application\/ld+json\" class=\"yoast-schema-graph\">{\"@context\":\"https:\/\/schema.org\",\"@graph\":[{\"@type\":\"WebPage\",\"@id\":\"https:\/\/mojodasspa.com\/elementor-719\/\",\"url\":\"https:\/\/mojodasspa.com\/elementor-719\/\",\"name\":\"Elementor #719 - Mojodas SPA\",\"isPartOf\":{\"@id\":\"https:\/\/mojodasspa.com\/#website\"},\"datePublished\":\"2024-02-02T13:57:37+00:00\",\"dateModified\":\"2024-02-02T14:02:57+00:00\",\"breadcrumb\":{\"@id\":\"https:\/\/mojodasspa.com\/elementor-719\/#breadcrumb\"},\"inLanguage\":\"fr-FR\",\"potentialAction\":[{\"@type\":\"ReadAction\",\"target\":[\"https:\/\/mojodasspa.com\/elementor-719\/\"]}]},{\"@type\":\"BreadcrumbList\",\"@id\":\"https:\/\/mojodasspa.com\/elementor-719\/#breadcrumb\",\"itemListElement\":[{\"@type\":\"ListItem\",\"position\":1,\"name\":\"Home\",\"item\":\"https:\/\/mojodasspa.com\/\"},{\"@type\":\"ListItem\",\"position\":2,\"name\":\"Elementor #719\"}]},{\"@type\":\"WebSite\",\"@id\":\"https:\/\/mojodasspa.com\/#website\",\"url\":\"https:\/\/mojodasspa.com\/\",\"name\":\"Mojodas SPA\",\"description\":\"kubil\u0173 ir saun\u0173 gamykla\",\"publisher\":{\"@id\":\"https:\/\/mojodasspa.com\/#organization\"},\"potentialAction\":[{\"@type\":\"SearchAction\",\"target\":{\"@type\":\"EntryPoint\",\"urlTemplate\":\"https:\/\/mojodasspa.com\/?s={search_term_string}\"},\"query-input\":\"required name=search_term_string\"}],\"inLanguage\":\"fr-FR\"},{\"@type\":\"Organization\",\"@id\":\"https:\/\/mojodasspa.com\/#organization\",\"name\":\"Mojodas SPA\",\"url\":\"https:\/\/mojodasspa.com\/\",\"logo\":{\"@type\":\"ImageObject\",\"inLanguage\":\"fr-FR\",\"@id\":\"https:\/\/mojodasspa.com\/#\/schema\/logo\/image\/\",\"url\":\"https:\/\/mojodasspa.com\/wp-content\/uploads\/2024\/01\/Mask-Group-1-1-e1706790109278.png\",\"contentUrl\":\"https:\/\/mojodasspa.com\/wp-content\/uploads\/2024\/01\/Mask-Group-1-1-e1706790109278.png\",\"width\":455,\"height\":205,\"caption\":\"Mojodas SPA\"},\"image\":{\"@id\":\"https:\/\/mojodasspa.com\/#\/schema\/logo\/image\/\"},\"sameAs\":[\"https:\/\/www.facebook.com\/profile.php?id=100093498679568\"]}]}<\/script>\n<!-- \/ Yoast SEO plugin. -->","yoast_head_json":{"title":"Elementor #719 - Mojodas SPA","robots":{"index":"index","follow":"follow","max-snippet":"max-snippet:-1","max-image-preview":"max-image-preview:large","max-video-preview":"max-video-preview:-1"},"canonical":"https:\/\/mojodasspa.com\/fr\/elementor-719\/","og_locale":"fr_FR","og_type":"article","og_title":"Elementor #719 - Mojodas SPA","og_description":"J\u016bs\u0173 u\u017eklaus\u0105 gavome! Susisieksime su jumis artimiausiu metu! Gr\u012f\u017eti \u012f B2B katalog\u0105","og_url":"https:\/\/mojodasspa.com\/fr\/elementor-719\/","og_site_name":"Mojodas SPA","article_publisher":"https:\/\/www.facebook.com\/profile.php?id=100093498679568","article_modified_time":"2024-02-02T14:02:57+00:00","og_image":[{"width":2560,"height":1310,"url":"https:\/\/mojodasspa.com\/wp-content\/uploads\/2024\/02\/Foto-46-scaled.jpg","type":"image\/jpeg"}],"twitter_card":"summary_large_image","schema":{"@context":"https:\/\/schema.org","@graph":[{"@type":"WebPage","@id":"https:\/\/mojodasspa.com\/elementor-719\/","url":"https:\/\/mojodasspa.com\/elementor-719\/","name":"Elementor #719 - Mojodas SPA","isPartOf":{"@id":"https:\/\/mojodasspa.com\/#website"},"datePublished":"2024-02-02T13:57:37+00:00","dateModified":"2024-02-02T14:02:57+00:00","breadcrumb":{"@id":"https:\/\/mojodasspa.com\/elementor-719\/#breadcrumb"},"inLanguage":"fr-FR","potentialAction":[{"@type":"ReadAction","target":["https:\/\/mojodasspa.com\/elementor-719\/"]}]},{"@type":"BreadcrumbList","@id":"https:\/\/mojodasspa.com\/elementor-719\/#breadcrumb","itemListElement":[{"@type":"ListItem","position":1,"name":"Home","item":"https:\/\/mojodasspa.com\/"},{"@type":"ListItem","position":2,"name":"Elementor #719"}]},{"@type":"WebSite","@id":"https:\/\/mojodasspa.com\/#website","url":"https:\/\/mojodasspa.com\/","name":"Mojodas SPA","description":"kubil\u0173 ir saun\u0173 gamykla","publisher":{"@id":"https:\/\/mojodasspa.com\/#organization"},"potentialAction":[{"@type":"SearchAction","target":{"@type":"EntryPoint","urlTemplate":"https:\/\/mojodasspa.com\/?s={search_term_string}"},"query-input":"required name=search_term_string"}],"inLanguage":"fr-FR"},{"@type":"Organization","@id":"https:\/\/mojodasspa.com\/#organization","name":"Mojodas SPA","url":"https:\/\/mojodasspa.com\/","logo":{"@type":"ImageObject","inLanguage":"fr-FR","@id":"https:\/\/mojodasspa.com\/#\/schema\/logo\/image\/","url":"https:\/\/mojodasspa.com\/wp-content\/uploads\/2024\/01\/Mask-Group-1-1-e1706790109278.png","contentUrl":"https:\/\/mojodasspa.com\/wp-content\/uploads\/2024\/01\/Mask-Group-1-1-e1706790109278.png","width":455,"height":205,"caption":"Mojodas SPA"},"image":{"@id":"https:\/\/mojodasspa.com\/#\/schema\/logo\/image\/"},"sameAs":["https:\/\/www.facebook.com\/profile.php?id=100093498679568"]}]}},"_links":{"self":[{"href":"https:\/\/mojodasspa.com\/fr\/wp-json\/wp\/v2\/pages\/719","targetHints":{"allow":["GET"]}}],"collection":[{"href":"https:\/\/mojodasspa.com\/fr\/wp-json\/wp\/v2\/pages"}],"about":[{"href":"https:\/\/mojodasspa.com\/fr\/wp-json\/wp\/v2\/types\/page"}],"author":[{"embeddable":true,"href":"https:\/\/mojodasspa.com\/fr\/wp-json\/wp\/v2\/users\/1"}],"replies":[{"embeddable":true,"href":"https:\/\/mojodasspa.com\/fr\/wp-json\/wp\/v2\/comments?post=719"}],"version-history":[{"count":4,"href":"https:\/\/mojodasspa.com\/fr\/wp-json\/wp\/v2\/pages\/719\/revisions"}],"predecessor-version":[{"id":728,"href":"https:\/\/mojodasspa.com\/fr\/wp-json\/wp\/v2\/pages\/719\/revisions\/728"}],"wp:attachment":[{"href":"https:\/\/mojodasspa.com\/fr\/wp-json\/wp\/v2\/media?parent=719"}],"curies":[{"name":"wp","href":"https:\/\/api.w.org\/{rel}","templated":true}]}}