{"id":3,"date":"2024-01-25T05:20:24","date_gmt":"2024-01-25T05:20:24","guid":{"rendered":"https:\/\/mojodasspa.com\/?page_id=3"},"modified":"2025-07-31T10:27:37","modified_gmt":"2025-07-31T08:27:37","slug":"privacy-policy","status":"publish","type":"page","link":"https:\/\/mojodasspa.com\/en\/privacy-policy\/","title":{"rendered":"Privacy Policy"},"content":{"rendered":"<div data-elementor-type=\"wp-page\" data-elementor-id=\"3\" class=\"elementor elementor-3\" data-elementor-post-type=\"page\">\n\t\t\t\t\t\t\t\t\t<section class=\"elementor-section elementor-top-section elementor-element elementor-element-7035499c elementor-section-boxed elementor-section-height-default elementor-section-height-default\" data-id=\"7035499c\" data-element_type=\"section\" data-settings=\"{&quot;background_background&quot;:&quot;classic&quot;}\">\n\t\t\t\t\t\t<div class=\"elementor-container elementor-column-gap-default\">\n\t\t\t\t\t<div class=\"elementor-column elementor-col-100 elementor-top-column elementor-element elementor-element-49395c36\" data-id=\"49395c36\" data-element_type=\"column\">\n\t\t\t<div class=\"elementor-widget-wrap elementor-element-populated\">\n\t\t\t\t\t\t\t\t<div class=\"elementor-element elementor-element-c70622a elementor-widget elementor-widget-spacer\" data-id=\"c70622a\" data-element_type=\"widget\" data-widget_type=\"spacer.default\">\n\t\t\t\t<div class=\"elementor-widget-container\">\n\t\t\t<style>\/*! elementor - v3.18.0 - 20-12-2023 *\/\n.elementor-column .elementor-spacer-inner{height:var(--spacer-size)}.e-con{--container-widget-width:100%}.e-con-inner>.elementor-widget-spacer,.e-con>.elementor-widget-spacer{width:var(--container-widget-width,var(--spacer-size));--align-self:var(--container-widget-align-self,initial);--flex-shrink:0}.e-con-inner>.elementor-widget-spacer>.elementor-widget-container,.e-con>.elementor-widget-spacer>.elementor-widget-container{height:100%;width:100%}.e-con-inner>.elementor-widget-spacer>.elementor-widget-container>.elementor-spacer,.e-con>.elementor-widget-spacer>.elementor-widget-container>.elementor-spacer{height:100%}.e-con-inner>.elementor-widget-spacer>.elementor-widget-container>.elementor-spacer>.elementor-spacer-inner,.e-con>.elementor-widget-spacer>.elementor-widget-container>.elementor-spacer>.elementor-spacer-inner{height:var(--container-widget-height,var(--spacer-size))}.e-con-inner>.elementor-widget-spacer.elementor-widget-empty,.e-con>.elementor-widget-spacer.elementor-widget-empty{position:relative;min-height:22px;min-width:22px}.e-con-inner>.elementor-widget-spacer.elementor-widget-empty .elementor-widget-empty-icon,.e-con>.elementor-widget-spacer.elementor-widget-empty .elementor-widget-empty-icon{position:absolute;top:0;bottom:0;left:0;right:0;margin:auto;padding:0;width:22px;height:22px}<\/style>\t\t<div class=\"elementor-spacer\">\n\t\t\t<div class=\"elementor-spacer-inner\"><\/div>\n\t\t<\/div>\n\t\t\t\t<\/div>\n\t\t\t\t<\/div>\n\t\t\t\t\t<\/div>\n\t\t<\/div>\n\t\t\t\t\t\t\t<\/div>\n\t\t<\/section>\n\t\t\t\t<section class=\"elementor-section elementor-top-section elementor-element elementor-element-ddc7925 elementor-section-boxed elementor-section-height-default elementor-section-height-default\" data-id=\"ddc7925\" data-element_type=\"section\">\n\t\t\t\t\t\t<div class=\"elementor-container elementor-column-gap-default\">\n\t\t\t\t\t<div class=\"elementor-column elementor-col-100 elementor-top-column elementor-element elementor-element-214a225\" data-id=\"214a225\" data-element_type=\"column\">\n\t\t\t<div class=\"elementor-widget-wrap elementor-element-populated\">\n\t\t\t\t\t\t\t\t<div class=\"elementor-element elementor-element-d0901ae elementor-widget elementor-widget-text-editor\" data-id=\"d0901ae\" data-element_type=\"widget\" data-widget_type=\"text-editor.default\">\n\t\t\t\t<div class=\"elementor-widget-container\">\n\t\t\t<style>\/*! elementor - v3.18.0 - 20-12-2023 *\/\n.elementor-widget-text-editor.elementor-drop-cap-view-stacked .elementor-drop-cap{background-color:#69727d;color:#fff}.elementor-widget-text-editor.elementor-drop-cap-view-framed .elementor-drop-cap{color:#69727d;border:3px solid;background-color:transparent}.elementor-widget-text-editor:not(.elementor-drop-cap-view-default) .elementor-drop-cap{margin-top:8px}.elementor-widget-text-editor:not(.elementor-drop-cap-view-default) .elementor-drop-cap-letter{width:1em;height:1em}.elementor-widget-text-editor .elementor-drop-cap{float:left;text-align:center;line-height:1;font-size:50px}.elementor-widget-text-editor .elementor-drop-cap-letter{display:inline-block}<\/style>\t\t\t\t<h1 class=\"heading\">Privacy Policy<\/h1>\n<p>This privacy policy (hereinafter \u2013 the \u201cPolicy\u201d) regulates the collection, use, storage, and protection of personal data when you (hereinafter \u2013 the \u201cUser\u201d) use the website <a href=\"https:\/\/mojodasspa.com\/en\/\">https:\/\/www.mojodasspa.com<\/a> (hereinafter \u2013 the \u201cWebsite\u201d) and its services.<\/p>\n<h3 class=\"heading\"><strong>1. <\/strong>Collection and Processing of Personal Data<\/h3>\n<p><strong>1.1. <\/strong>When you browse our Website, we automatically collect certain information about your device \u2013 your IP address, browser type and version, the pages you visited along with time and date, and other statistical information.<br \/><strong>1.2. <\/strong>We may also collect personal data you voluntarily provide through forms on our Website, for example, when responding to inquiries or providing services.<\/p>\n<h3 class=\"heading\"><strong>2. <\/strong>Storage and Protection of Personal Data<\/h3>\n<p><strong>2.1. <\/strong>We are committed to ensuring the confidentiality and security of personal data by applying appropriate technical and organizational measures to protect them from unlawful or improper use, loss, destruction, or damage.<br \/><strong>2.2. <\/strong>We will store your personal data as long as it is necessary to fulfill our legal obligations or serve our business interests.<br \/><strong>2.3. <\/strong>You may visit our Website without providing any identifiable personal information. However, if you wish to use certain Website features, subscribe to our newsletter, or fill out our contact form, you may provide personal data such as your email address, name, surname, address, or phone number. You can choose not to provide personal data, but in that case, you will not be able to use most of the Website's features. Visitors unsure about what information is required can contact us at <a href=\"mailto:sales@mojodas.com\">sales@mojodas.com<\/a>.<\/p>\n<h3 class=\"heading\"><strong>3. <\/strong>Data Sharing with Third Parties<\/h3>\n<p><strong>3.1. <\/strong>We only share your personal data with trusted third parties to fulfill the purposes of data processing. We may also disclose data when required by law or necessary for service delivery.<\/p>\n<h3 class=\"heading\"><strong>4. <\/strong>Third-Party Websites<\/h3>\n<p><strong>4.1. <\/strong>The Website may contain third-party ads, links to third-party websites, and services which we do not control and for which we are not responsible. We recommend reviewing the privacy policies of any third-party sites or services you use. This Privacy Policy was created using the Nordweb privacy policy generator \u2013 <a href=\"https:\/\/nordweb.lt\/privatumo-politikos-sablono-generatorius\/\">Nordweb privatumo politikos k\u016brimo \u012frankiu<\/a> &#8211; <a href=\"https:\/\/nordweb.lt\/\">https:\/\/nordweb.lt<\/a>.<\/p>\n<h3 class=\"heading\"><strong>5. <\/strong>Cookies and Tracking Technologies<\/h3>\n<p><strong>5.1. <\/strong>Our Website may use cookies and other tracking technologies to enhance user experience and analyze traffic. You can choose whether to accept cookies via your browser settings.<br \/><strong>5.2. <\/strong>We do not link visitor IP addresses or email addresses to data that could personally identify the visitor. Each session is recorded anonymously.<\/p>\n<h3 class=\"heading\"><strong>6. <\/strong>Your Rights<\/h3>\n<p><strong>6.1. <\/strong>You have the right to access, correct, delete, or transfer your personal data, and to object to its processing.<\/p>\n<h3 class=\"heading\"><strong>7. <\/strong>Contact<\/h3>\n<p><strong>7.1. <\/strong>If you have any questions or would like more information about our privacy policy, please contact us at <a href=\"mailto:sales@mojodas.com\">sales@mojodas.com<\/a>.<\/p>\n<p>Last updated: 2025-04-30<\/p>\t\t\t\t\t\t<\/div>\n\t\t\t\t<\/div>\n\t\t\t\t\t<\/div>\n\t\t<\/div>\n\t\t\t\t\t\t\t<\/div>\n\t\t<\/section>\n\t\t\t\t\t\t\t<\/div>","protected":false},"excerpt":{"rendered":"<p>Privatumo politika \u0160i privatumo politika (toliau &#8211; \u201epolitika\u201c) reglamentuoja asmens duomen\u0173 rinkim\u0105, naudojim\u0105, saugojim\u0105 ir apsaug\u0105, kai j\u016bs (toliau &#8211; \u201evartotojas\u201c) naudojat\u0117s https:\/\/www.mojodasspa.com interneto svetaine (toliau &#8211; \u201esvetain\u0117\u201c) ir jos teikiamomis paslaugomis. 1. Asmens duomen\u0173 rinkimas ir tvarkymas 1.1. Kuomet nar\u0161ote m\u016bs\u0173 svetain\u0117je, automati\u0161kai renkame tam tikr\u0105 informacij\u0105 apie j\u016bs\u0173 \u012frengin\u012f &#8211; j\u016bs\u0173 IP adres\u0105, [&hellip;]<\/p>","protected":false},"author":1,"featured_media":0,"parent":0,"menu_order":0,"comment_status":"closed","ping_status":"open","template":"","meta":{"footnotes":""},"class_list":["post-3","page","type-page","status-publish","hentry"],"acf":[],"yoast_head":"<!-- This site is optimized with the Yoast SEO plugin v22.6 - https:\/\/yoast.com\/wordpress\/plugins\/seo\/ -->\n<title>Privacy Policy - Mojodas SPA<\/title>\n<meta name=\"robots\" content=\"index, follow, max-snippet:-1, max-image-preview:large, max-video-preview:-1\" \/>\n<link rel=\"canonical\" href=\"https:\/\/mojodasspa.com\/en\/privacy-policy\/\" \/>\n<meta property=\"og:locale\" content=\"en_US\" \/>\n<meta property=\"og:type\" content=\"article\" \/>\n<meta property=\"og:title\" content=\"Privacy Policy - Mojodas SPA\" \/>\n<meta property=\"og:description\" content=\"Privatumo politika \u0160i privatumo politika (toliau &#8211; \u201epolitika\u201c) reglamentuoja asmens duomen\u0173 rinkim\u0105, naudojim\u0105, saugojim\u0105 ir apsaug\u0105, kai j\u016bs (toliau &#8211; \u201evartotojas\u201c) naudojat\u0117s https:\/\/www.mojodasspa.com interneto svetaine (toliau &#8211; \u201esvetain\u0117\u201c) ir jos teikiamomis paslaugomis. 1. Asmens duomen\u0173 rinkimas ir tvarkymas 1.1. Kuomet nar\u0161ote m\u016bs\u0173 svetain\u0117je, automati\u0161kai renkame tam tikr\u0105 informacij\u0105 apie j\u016bs\u0173 \u012frengin\u012f &#8211; j\u016bs\u0173 IP adres\u0105, [&hellip;]\" \/>\n<meta property=\"og:url\" content=\"https:\/\/mojodasspa.com\/en\/privacy-policy\/\" \/>\n<meta property=\"og:site_name\" content=\"Mojodas SPA\" \/>\n<meta property=\"article:publisher\" content=\"https:\/\/www.facebook.com\/profile.php?id=100093498679568\" \/>\n<meta property=\"article:modified_time\" content=\"2025-07-31T08:27:37+00:00\" \/>\n<meta property=\"og:image\" content=\"https:\/\/mojodasspa.com\/wp-content\/uploads\/2024\/02\/Foto-46-scaled.jpg\" \/>\n\t<meta property=\"og:image:width\" content=\"2560\" \/>\n\t<meta property=\"og:image:height\" content=\"1310\" \/>\n\t<meta property=\"og:image:type\" content=\"image\/jpeg\" \/>\n<meta name=\"twitter:card\" content=\"summary_large_image\" \/>\n<meta name=\"twitter:label1\" content=\"Est. reading time\" \/>\n\t<meta name=\"twitter:data1\" content=\"3 minutes\" \/>\n<script type=\"application\/ld+json\" class=\"yoast-schema-graph\">{\"@context\":\"https:\/\/schema.org\",\"@graph\":[{\"@type\":\"WebPage\",\"@id\":\"https:\/\/mojodasspa.com\/privacy-policy\/\",\"url\":\"https:\/\/mojodasspa.com\/privacy-policy\/\",\"name\":\"Privacy Policy - Mojodas SPA\",\"isPartOf\":{\"@id\":\"https:\/\/mojodasspa.com\/#website\"},\"datePublished\":\"2024-01-25T05:20:24+00:00\",\"dateModified\":\"2025-07-31T08:27:37+00:00\",\"breadcrumb\":{\"@id\":\"https:\/\/mojodasspa.com\/privacy-policy\/#breadcrumb\"},\"inLanguage\":\"en-US\",\"potentialAction\":[{\"@type\":\"ReadAction\",\"target\":[\"https:\/\/mojodasspa.com\/privacy-policy\/\"]}]},{\"@type\":\"BreadcrumbList\",\"@id\":\"https:\/\/mojodasspa.com\/privacy-policy\/#breadcrumb\",\"itemListElement\":[{\"@type\":\"ListItem\",\"position\":1,\"name\":\"Home\",\"item\":\"https:\/\/mojodasspa.com\/\"},{\"@type\":\"ListItem\",\"position\":2,\"name\":\"Privacy Policy\"}]},{\"@type\":\"WebSite\",\"@id\":\"https:\/\/mojodasspa.com\/#website\",\"url\":\"https:\/\/mojodasspa.com\/\",\"name\":\"Mojodas SPA\",\"description\":\"kubil\u0173 ir saun\u0173 gamykla\",\"publisher\":{\"@id\":\"https:\/\/mojodasspa.com\/#organization\"},\"potentialAction\":[{\"@type\":\"SearchAction\",\"target\":{\"@type\":\"EntryPoint\",\"urlTemplate\":\"https:\/\/mojodasspa.com\/?s={search_term_string}\"},\"query-input\":\"required name=search_term_string\"}],\"inLanguage\":\"en-US\"},{\"@type\":\"Organization\",\"@id\":\"https:\/\/mojodasspa.com\/#organization\",\"name\":\"Mojodas SPA\",\"url\":\"https:\/\/mojodasspa.com\/\",\"logo\":{\"@type\":\"ImageObject\",\"inLanguage\":\"en-US\",\"@id\":\"https:\/\/mojodasspa.com\/#\/schema\/logo\/image\/\",\"url\":\"https:\/\/mojodasspa.com\/wp-content\/uploads\/2024\/01\/Mask-Group-1-1-e1706790109278.png\",\"contentUrl\":\"https:\/\/mojodasspa.com\/wp-content\/uploads\/2024\/01\/Mask-Group-1-1-e1706790109278.png\",\"width\":455,\"height\":205,\"caption\":\"Mojodas SPA\"},\"image\":{\"@id\":\"https:\/\/mojodasspa.com\/#\/schema\/logo\/image\/\"},\"sameAs\":[\"https:\/\/www.facebook.com\/profile.php?id=100093498679568\"]}]}<\/script>\n<!-- \/ Yoast SEO plugin. -->","yoast_head_json":{"title":"Privacy Policy - Mojodas SPA","robots":{"index":"index","follow":"follow","max-snippet":"max-snippet:-1","max-image-preview":"max-image-preview:large","max-video-preview":"max-video-preview:-1"},"canonical":"https:\/\/mojodasspa.com\/en\/privacy-policy\/","og_locale":"en_US","og_type":"article","og_title":"Privacy Policy - Mojodas SPA","og_description":"Privatumo politika \u0160i privatumo politika (toliau &#8211; \u201epolitika\u201c) reglamentuoja asmens duomen\u0173 rinkim\u0105, naudojim\u0105, saugojim\u0105 ir apsaug\u0105, kai j\u016bs (toliau &#8211; \u201evartotojas\u201c) naudojat\u0117s https:\/\/www.mojodasspa.com interneto svetaine (toliau &#8211; \u201esvetain\u0117\u201c) ir jos teikiamomis paslaugomis. 1. Asmens duomen\u0173 rinkimas ir tvarkymas 1.1. Kuomet nar\u0161ote m\u016bs\u0173 svetain\u0117je, automati\u0161kai renkame tam tikr\u0105 informacij\u0105 apie j\u016bs\u0173 \u012frengin\u012f &#8211; j\u016bs\u0173 IP adres\u0105, [&hellip;]","og_url":"https:\/\/mojodasspa.com\/en\/privacy-policy\/","og_site_name":"Mojodas SPA","article_publisher":"https:\/\/www.facebook.com\/profile.php?id=100093498679568","article_modified_time":"2025-07-31T08:27:37+00:00","og_image":[{"width":2560,"height":1310,"url":"https:\/\/mojodasspa.com\/wp-content\/uploads\/2024\/02\/Foto-46-scaled.jpg","type":"image\/jpeg"}],"twitter_card":"summary_large_image","twitter_misc":{"Est. reading time":"3 minutes"},"schema":{"@context":"https:\/\/schema.org","@graph":[{"@type":"WebPage","@id":"https:\/\/mojodasspa.com\/privacy-policy\/","url":"https:\/\/mojodasspa.com\/privacy-policy\/","name":"Privacy Policy - Mojodas SPA","isPartOf":{"@id":"https:\/\/mojodasspa.com\/#website"},"datePublished":"2024-01-25T05:20:24+00:00","dateModified":"2025-07-31T08:27:37+00:00","breadcrumb":{"@id":"https:\/\/mojodasspa.com\/privacy-policy\/#breadcrumb"},"inLanguage":"en-US","potentialAction":[{"@type":"ReadAction","target":["https:\/\/mojodasspa.com\/privacy-policy\/"]}]},{"@type":"BreadcrumbList","@id":"https:\/\/mojodasspa.com\/privacy-policy\/#breadcrumb","itemListElement":[{"@type":"ListItem","position":1,"name":"Home","item":"https:\/\/mojodasspa.com\/"},{"@type":"ListItem","position":2,"name":"Privacy Policy"}]},{"@type":"WebSite","@id":"https:\/\/mojodasspa.com\/#website","url":"https:\/\/mojodasspa.com\/","name":"Mojodas SPA","description":"kubil\u0173 ir saun\u0173 gamykla","publisher":{"@id":"https:\/\/mojodasspa.com\/#organization"},"potentialAction":[{"@type":"SearchAction","target":{"@type":"EntryPoint","urlTemplate":"https:\/\/mojodasspa.com\/?s={search_term_string}"},"query-input":"required name=search_term_string"}],"inLanguage":"en-US"},{"@type":"Organization","@id":"https:\/\/mojodasspa.com\/#organization","name":"Mojodas SPA","url":"https:\/\/mojodasspa.com\/","logo":{"@type":"ImageObject","inLanguage":"en-US","@id":"https:\/\/mojodasspa.com\/#\/schema\/logo\/image\/","url":"https:\/\/mojodasspa.com\/wp-content\/uploads\/2024\/01\/Mask-Group-1-1-e1706790109278.png","contentUrl":"https:\/\/mojodasspa.com\/wp-content\/uploads\/2024\/01\/Mask-Group-1-1-e1706790109278.png","width":455,"height":205,"caption":"Mojodas SPA"},"image":{"@id":"https:\/\/mojodasspa.com\/#\/schema\/logo\/image\/"},"sameAs":["https:\/\/www.facebook.com\/profile.php?id=100093498679568"]}]}},"_links":{"self":[{"href":"https:\/\/mojodasspa.com\/en\/wp-json\/wp\/v2\/pages\/3","targetHints":{"allow":["GET"]}}],"collection":[{"href":"https:\/\/mojodasspa.com\/en\/wp-json\/wp\/v2\/pages"}],"about":[{"href":"https:\/\/mojodasspa.com\/en\/wp-json\/wp\/v2\/types\/page"}],"author":[{"embeddable":true,"href":"https:\/\/mojodasspa.com\/en\/wp-json\/wp\/v2\/users\/1"}],"replies":[{"embeddable":true,"href":"https:\/\/mojodasspa.com\/en\/wp-json\/wp\/v2\/comments?post=3"}],"version-history":[{"count":22,"href":"https:\/\/mojodasspa.com\/en\/wp-json\/wp\/v2\/pages\/3\/revisions"}],"predecessor-version":[{"id":3480,"href":"https:\/\/mojodasspa.com\/en\/wp-json\/wp\/v2\/pages\/3\/revisions\/3480"}],"wp:attachment":[{"href":"https:\/\/mojodasspa.com\/en\/wp-json\/wp\/v2\/media?parent=3"}],"curies":[{"name":"wp","href":"https:\/\/api.w.org\/{rel}","templated":true}]}}