{"id":3,"date":"2024-01-25T05:20:24","date_gmt":"2024-01-25T05:20:24","guid":{"rendered":"https:\/\/mojodasspa.com\/?page_id=3"},"modified":"2025-07-31T10:27:37","modified_gmt":"2025-07-31T08:27:37","slug":"privacy-policy","status":"publish","type":"page","link":"https:\/\/mojodasspa.com\/de\/privacy-policy\/","title":{"rendered":"Privacy Policy"},"content":{"rendered":"<div data-elementor-type=\"wp-page\" data-elementor-id=\"3\" class=\"elementor elementor-3\" data-elementor-post-type=\"page\">\n\t\t\t\t\t\t\t\t\t<section class=\"elementor-section elementor-top-section elementor-element elementor-element-7035499c elementor-section-boxed elementor-section-height-default elementor-section-height-default\" data-id=\"7035499c\" data-element_type=\"section\" data-settings=\"{&quot;background_background&quot;:&quot;classic&quot;}\">\n\t\t\t\t\t\t<div class=\"elementor-container elementor-column-gap-default\">\n\t\t\t\t\t<div class=\"elementor-column elementor-col-100 elementor-top-column elementor-element elementor-element-49395c36\" data-id=\"49395c36\" data-element_type=\"column\">\n\t\t\t<div class=\"elementor-widget-wrap elementor-element-populated\">\n\t\t\t\t\t\t\t\t<div class=\"elementor-element elementor-element-c70622a elementor-widget elementor-widget-spacer\" data-id=\"c70622a\" data-element_type=\"widget\" data-widget_type=\"spacer.default\">\n\t\t\t\t<div class=\"elementor-widget-container\">\n\t\t\t<style>\/*! elementor - v3.18.0 - 20-12-2023 *\/\n.elementor-column .elementor-spacer-inner{height:var(--spacer-size)}.e-con{--container-widget-width:100%}.e-con-inner>.elementor-widget-spacer,.e-con>.elementor-widget-spacer{width:var(--container-widget-width,var(--spacer-size));--align-self:var(--container-widget-align-self,initial);--flex-shrink:0}.e-con-inner>.elementor-widget-spacer>.elementor-widget-container,.e-con>.elementor-widget-spacer>.elementor-widget-container{height:100%;width:100%}.e-con-inner>.elementor-widget-spacer>.elementor-widget-container>.elementor-spacer,.e-con>.elementor-widget-spacer>.elementor-widget-container>.elementor-spacer{height:100%}.e-con-inner>.elementor-widget-spacer>.elementor-widget-container>.elementor-spacer>.elementor-spacer-inner,.e-con>.elementor-widget-spacer>.elementor-widget-container>.elementor-spacer>.elementor-spacer-inner{height:var(--container-widget-height,var(--spacer-size))}.e-con-inner>.elementor-widget-spacer.elementor-widget-empty,.e-con>.elementor-widget-spacer.elementor-widget-empty{position:relative;min-height:22px;min-width:22px}.e-con-inner>.elementor-widget-spacer.elementor-widget-empty .elementor-widget-empty-icon,.e-con>.elementor-widget-spacer.elementor-widget-empty .elementor-widget-empty-icon{position:absolute;top:0;bottom:0;left:0;right:0;margin:auto;padding:0;width:22px;height:22px}<\/style>\t\t<div class=\"elementor-spacer\">\n\t\t\t<div class=\"elementor-spacer-inner\"><\/div>\n\t\t<\/div>\n\t\t\t\t<\/div>\n\t\t\t\t<\/div>\n\t\t\t\t\t<\/div>\n\t\t<\/div>\n\t\t\t\t\t\t\t<\/div>\n\t\t<\/section>\n\t\t\t\t<section class=\"elementor-section elementor-top-section elementor-element elementor-element-ddc7925 elementor-section-boxed elementor-section-height-default elementor-section-height-default\" data-id=\"ddc7925\" data-element_type=\"section\">\n\t\t\t\t\t\t<div class=\"elementor-container elementor-column-gap-default\">\n\t\t\t\t\t<div class=\"elementor-column elementor-col-100 elementor-top-column elementor-element elementor-element-214a225\" data-id=\"214a225\" data-element_type=\"column\">\n\t\t\t<div class=\"elementor-widget-wrap elementor-element-populated\">\n\t\t\t\t\t\t\t\t<div class=\"elementor-element elementor-element-d0901ae elementor-widget elementor-widget-text-editor\" data-id=\"d0901ae\" data-element_type=\"widget\" data-widget_type=\"text-editor.default\">\n\t\t\t\t<div class=\"elementor-widget-container\">\n\t\t\t<style>\/*! elementor - v3.18.0 - 20-12-2023 *\/\n.elementor-widget-text-editor.elementor-drop-cap-view-stacked .elementor-drop-cap{background-color:#69727d;color:#fff}.elementor-widget-text-editor.elementor-drop-cap-view-framed .elementor-drop-cap{color:#69727d;border:3px solid;background-color:transparent}.elementor-widget-text-editor:not(.elementor-drop-cap-view-default) .elementor-drop-cap{margin-top:8px}.elementor-widget-text-editor:not(.elementor-drop-cap-view-default) .elementor-drop-cap-letter{width:1em;height:1em}.elementor-widget-text-editor .elementor-drop-cap{float:left;text-align:center;line-height:1;font-size:50px}.elementor-widget-text-editor .elementor-drop-cap-letter{display:inline-block}<\/style>\t\t\t\t<h1 class=\"heading\">Datenschutzrichtlinie<\/h1>\n<p>Diese Datenschutzrichtlinie (nachfolgend \u2013 \u201eRichtlinie\u201c) regelt die Erhebung, Nutzung, Speicherung und den Schutz personenbezogener Daten, wenn Sie (nachfolgend \u2013 \u201eNutzer\u201c) die Website <a href=\"https:\/\/mojodasspa.com\/de\/\">https:\/\/www.mojodasspa.com<\/a> (nachfolgend \u2013 \u201eWebsite\u201c) und ihre Dienste nutzen.<\/p>\n<h3 class=\"heading\"><strong>1. <\/strong>Erhebung und Verarbeitung personenbezogener Daten<\/h3>\n<p><strong>1.1. <\/strong>Beim Besuch unserer Website erfassen wir automatisch bestimmte Informationen \u00fcber Ihr Ger\u00e4t \u2013 Ihre IP-Adresse, den Browsertyp und die Browserversion, die besuchten Seiten sowie Datum und Uhrzeit, sowie weitere statistische Informationen.<br \/><strong>1.2. <\/strong>Wir k\u00f6nnen auch personenbezogene Daten erfassen, die Sie freiwillig \u00fcber die auf unserer Website vorhandenen Formulare angeben, zum Beispiel zur Beantwortung von Anfragen oder zur Bereitstellung von Dienstleistungen.<\/p>\n<h3 class=\"heading\"><strong>2. <\/strong>Speicherung und Schutz personenbezogener Daten<\/h3>\n<p><strong>2.1. <\/strong>Wir verpflichten uns, die Vertraulichkeit und Sicherheit Ihrer personenbezogenen Daten zu gew\u00e4hrleisten, indem wir geeignete technische und organisatorische Ma\u00dfnahmen anwenden, um sie vor unrechtm\u00e4\u00dfiger oder missbr\u00e4uchlicher Nutzung, Verlust, Zerst\u00f6rung oder Besch\u00e4digung zu sch\u00fctzen.<br \/><strong>2.2. <\/strong>Ihre personenbezogenen Daten werden so lange gespeichert, wie es erforderlich ist, um unsere gesetzlichen Verpflichtungen zu erf\u00fcllen oder unsere Gesch\u00e4ftsinteressen zu wahren.<br \/><strong>2.3. <\/strong>Sie k\u00f6nnen unsere Website besuchen, ohne personenbezogene Daten bereitzustellen. Wenn Sie jedoch bestimmte Funktionen der Website nutzen, unseren Newsletter abonnieren oder unser Kontaktformular ausf\u00fcllen m\u00f6chten, werden personenbezogene Daten wie E-Mail-Adresse, Name, Vorname, Wohnort oder Telefonnummer erforderlich. Die Angabe ist freiwillig, aber ohne diese Daten k\u00f6nnen viele Funktionen nicht genutzt werden. Bei Fragen dazu schreiben Sie uns bitte an <a href=\"mailto:sales@mojodas.com\">sales@mojodas.com<\/a>.<\/p>\n<h3 class=\"heading\"><strong>3. <\/strong>Weitergabe von Daten an Dritte<\/h3>\n<p><strong>3.1. <\/strong>Ihre personenbezogenen Daten werden nur vertrauensw\u00fcrdigen Dritten \u00fcbermittelt und nur f\u00fcr festgelegte Zwecke der Datenverarbeitung. Au\u00dferdem k\u00f6nnen wir Daten weitergeben, wenn dies gesetzlich erforderlich ist oder zur Erbringung unserer Dienste notwendig ist.<\/p>\n<h3 class=\"heading\"><strong>4. <\/strong>Websites Dritter<\/h3>\n<p><strong>4.1. <\/strong>Unsere Website kann Werbebanner und Links zu Drittanbietern enthalten. Wir kontrollieren diese Seiten nicht und sind nicht verantwortlich f\u00fcr deren Datenschutzma\u00dfnahmen. Wir empfehlen Ihnen, deren Datenschutzrichtlinien zu lesen. Diese Richtlinie wurde mithilfe des Nordweb-Generators erstellt \u2013 <a href=\"https:\/\/nordweb.lt\/privatumo-politikos-sablono-generatorius\/\">Nordweb privatumo politikos k\u016brimo \u012frankiu<\/a> &#8211; <a href=\"https:\/\/nordweb.lt\/\">https:\/\/nordweb.lt<\/a>.<\/p>\n<h3 class=\"heading\"><strong>5. <\/strong>Cookies und Tracking-Technologien<\/h3>\n<p><strong>5.1. <\/strong>Unsere Website kann Cookies und andere Tracking-Technologien verwenden, um Ihre Nutzungserfahrung zu verbessern und den Website-Verkehr zu analysieren. Sie k\u00f6nnen in Ihren Browsereinstellungen jederzeit festlegen, ob Sie Cookies akzeptieren.<br \/><strong>5.2. <\/strong>IP-Adressen oder E-Mail-Adressen der Besucher werden nicht mit pers\u00f6nlichen Daten verkn\u00fcpft. Jeder Besuch bleibt anonym.<\/p>\n<h3 class=\"heading\"><strong>6. <\/strong>Ihre Rechte<\/h3>\n<p><strong>6.1. <\/strong>Sie haben das Recht, auf Ihre personenbezogenen Daten zuzugreifen, sie zu berichtigen, zu l\u00f6schen oder an eine andere Organisation zu \u00fcbertragen sowie der Verarbeitung zu widersprechen.<\/p>\n<h3 class=\"heading\"><strong>7. <\/strong>Kontakt<\/h3>\n<p><strong>7.1. <\/strong>Bei Fragen oder f\u00fcr weitere Informationen zu unserer Datenschutzrichtlinie kontaktieren Sie uns bitte per E-Mail: <a href=\"mailto:sales@mojodas.com\">sales@mojodas.com<\/a>.<\/p>\n<p>Letzte Aktualisierung: 30.04.2025<\/p>\t\t\t\t\t\t<\/div>\n\t\t\t\t<\/div>\n\t\t\t\t\t<\/div>\n\t\t<\/div>\n\t\t\t\t\t\t\t<\/div>\n\t\t<\/section>\n\t\t\t\t\t\t\t<\/div>","protected":false},"excerpt":{"rendered":"<p>Privatumo politika \u0160i privatumo politika (toliau &#8211; \u201epolitika\u201c) reglamentuoja asmens duomen\u0173 rinkim\u0105, naudojim\u0105, saugojim\u0105 ir apsaug\u0105, kai j\u016bs (toliau &#8211; \u201evartotojas\u201c) naudojat\u0117s https:\/\/www.mojodasspa.com interneto svetaine (toliau &#8211; \u201esvetain\u0117\u201c) ir jos teikiamomis paslaugomis. 1. Asmens duomen\u0173 rinkimas ir tvarkymas 1.1. Kuomet nar\u0161ote m\u016bs\u0173 svetain\u0117je, automati\u0161kai renkame tam tikr\u0105 informacij\u0105 apie j\u016bs\u0173 \u012frengin\u012f &#8211; j\u016bs\u0173 IP adres\u0105, [&hellip;]<\/p>","protected":false},"author":1,"featured_media":0,"parent":0,"menu_order":0,"comment_status":"closed","ping_status":"open","template":"","meta":{"footnotes":""},"class_list":["post-3","page","type-page","status-publish","hentry"],"acf":[],"yoast_head":"<!-- This site is optimized with the Yoast SEO plugin v22.6 - https:\/\/yoast.com\/wordpress\/plugins\/seo\/ -->\n<title>Privacy Policy - Mojodas SPA<\/title>\n<meta name=\"robots\" content=\"index, follow, max-snippet:-1, max-image-preview:large, max-video-preview:-1\" \/>\n<link rel=\"canonical\" href=\"https:\/\/mojodasspa.com\/de\/privacy-policy\/\" \/>\n<meta property=\"og:locale\" content=\"de_DE\" \/>\n<meta property=\"og:type\" content=\"article\" \/>\n<meta property=\"og:title\" content=\"Privacy Policy - Mojodas SPA\" \/>\n<meta property=\"og:description\" content=\"Privatumo politika \u0160i privatumo politika (toliau &#8211; \u201epolitika\u201c) reglamentuoja asmens duomen\u0173 rinkim\u0105, naudojim\u0105, saugojim\u0105 ir apsaug\u0105, kai j\u016bs (toliau &#8211; \u201evartotojas\u201c) naudojat\u0117s https:\/\/www.mojodasspa.com interneto svetaine (toliau &#8211; \u201esvetain\u0117\u201c) ir jos teikiamomis paslaugomis. 1. Asmens duomen\u0173 rinkimas ir tvarkymas 1.1. Kuomet nar\u0161ote m\u016bs\u0173 svetain\u0117je, automati\u0161kai renkame tam tikr\u0105 informacij\u0105 apie j\u016bs\u0173 \u012frengin\u012f &#8211; j\u016bs\u0173 IP adres\u0105, [&hellip;]\" \/>\n<meta property=\"og:url\" content=\"https:\/\/mojodasspa.com\/de\/privacy-policy\/\" \/>\n<meta property=\"og:site_name\" content=\"Mojodas SPA\" \/>\n<meta property=\"article:publisher\" content=\"https:\/\/www.facebook.com\/profile.php?id=100093498679568\" \/>\n<meta property=\"article:modified_time\" content=\"2025-07-31T08:27:37+00:00\" \/>\n<meta property=\"og:image\" content=\"https:\/\/mojodasspa.com\/wp-content\/uploads\/2024\/02\/Foto-46-scaled.jpg\" \/>\n\t<meta property=\"og:image:width\" content=\"2560\" \/>\n\t<meta property=\"og:image:height\" content=\"1310\" \/>\n\t<meta property=\"og:image:type\" content=\"image\/jpeg\" \/>\n<meta name=\"twitter:card\" content=\"summary_large_image\" \/>\n<meta name=\"twitter:label1\" content=\"Gesch\u00e4tzte Lesezeit\" \/>\n\t<meta name=\"twitter:data1\" content=\"3\u00a0Minuten\" \/>\n<script type=\"application\/ld+json\" class=\"yoast-schema-graph\">{\"@context\":\"https:\/\/schema.org\",\"@graph\":[{\"@type\":\"WebPage\",\"@id\":\"https:\/\/mojodasspa.com\/privacy-policy\/\",\"url\":\"https:\/\/mojodasspa.com\/privacy-policy\/\",\"name\":\"Privacy Policy - Mojodas SPA\",\"isPartOf\":{\"@id\":\"https:\/\/mojodasspa.com\/#website\"},\"datePublished\":\"2024-01-25T05:20:24+00:00\",\"dateModified\":\"2025-07-31T08:27:37+00:00\",\"breadcrumb\":{\"@id\":\"https:\/\/mojodasspa.com\/privacy-policy\/#breadcrumb\"},\"inLanguage\":\"de\",\"potentialAction\":[{\"@type\":\"ReadAction\",\"target\":[\"https:\/\/mojodasspa.com\/privacy-policy\/\"]}]},{\"@type\":\"BreadcrumbList\",\"@id\":\"https:\/\/mojodasspa.com\/privacy-policy\/#breadcrumb\",\"itemListElement\":[{\"@type\":\"ListItem\",\"position\":1,\"name\":\"Home\",\"item\":\"https:\/\/mojodasspa.com\/\"},{\"@type\":\"ListItem\",\"position\":2,\"name\":\"Privacy Policy\"}]},{\"@type\":\"WebSite\",\"@id\":\"https:\/\/mojodasspa.com\/#website\",\"url\":\"https:\/\/mojodasspa.com\/\",\"name\":\"Mojodas SPA\",\"description\":\"kubil\u0173 ir saun\u0173 gamykla\",\"publisher\":{\"@id\":\"https:\/\/mojodasspa.com\/#organization\"},\"potentialAction\":[{\"@type\":\"SearchAction\",\"target\":{\"@type\":\"EntryPoint\",\"urlTemplate\":\"https:\/\/mojodasspa.com\/?s={search_term_string}\"},\"query-input\":\"required name=search_term_string\"}],\"inLanguage\":\"de\"},{\"@type\":\"Organization\",\"@id\":\"https:\/\/mojodasspa.com\/#organization\",\"name\":\"Mojodas SPA\",\"url\":\"https:\/\/mojodasspa.com\/\",\"logo\":{\"@type\":\"ImageObject\",\"inLanguage\":\"de\",\"@id\":\"https:\/\/mojodasspa.com\/#\/schema\/logo\/image\/\",\"url\":\"https:\/\/mojodasspa.com\/wp-content\/uploads\/2024\/01\/Mask-Group-1-1-e1706790109278.png\",\"contentUrl\":\"https:\/\/mojodasspa.com\/wp-content\/uploads\/2024\/01\/Mask-Group-1-1-e1706790109278.png\",\"width\":455,\"height\":205,\"caption\":\"Mojodas SPA\"},\"image\":{\"@id\":\"https:\/\/mojodasspa.com\/#\/schema\/logo\/image\/\"},\"sameAs\":[\"https:\/\/www.facebook.com\/profile.php?id=100093498679568\"]}]}<\/script>\n<!-- \/ Yoast SEO plugin. -->","yoast_head_json":{"title":"Privacy Policy - Mojodas SPA","robots":{"index":"index","follow":"follow","max-snippet":"max-snippet:-1","max-image-preview":"max-image-preview:large","max-video-preview":"max-video-preview:-1"},"canonical":"https:\/\/mojodasspa.com\/de\/privacy-policy\/","og_locale":"de_DE","og_type":"article","og_title":"Privacy Policy - Mojodas SPA","og_description":"Privatumo politika \u0160i privatumo politika (toliau &#8211; \u201epolitika\u201c) reglamentuoja asmens duomen\u0173 rinkim\u0105, naudojim\u0105, saugojim\u0105 ir apsaug\u0105, kai j\u016bs (toliau &#8211; \u201evartotojas\u201c) naudojat\u0117s https:\/\/www.mojodasspa.com interneto svetaine (toliau &#8211; \u201esvetain\u0117\u201c) ir jos teikiamomis paslaugomis. 1. Asmens duomen\u0173 rinkimas ir tvarkymas 1.1. Kuomet nar\u0161ote m\u016bs\u0173 svetain\u0117je, automati\u0161kai renkame tam tikr\u0105 informacij\u0105 apie j\u016bs\u0173 \u012frengin\u012f &#8211; j\u016bs\u0173 IP adres\u0105, [&hellip;]","og_url":"https:\/\/mojodasspa.com\/de\/privacy-policy\/","og_site_name":"Mojodas SPA","article_publisher":"https:\/\/www.facebook.com\/profile.php?id=100093498679568","article_modified_time":"2025-07-31T08:27:37+00:00","og_image":[{"width":2560,"height":1310,"url":"https:\/\/mojodasspa.com\/wp-content\/uploads\/2024\/02\/Foto-46-scaled.jpg","type":"image\/jpeg"}],"twitter_card":"summary_large_image","twitter_misc":{"Gesch\u00e4tzte Lesezeit":"3\u00a0Minuten"},"schema":{"@context":"https:\/\/schema.org","@graph":[{"@type":"WebPage","@id":"https:\/\/mojodasspa.com\/privacy-policy\/","url":"https:\/\/mojodasspa.com\/privacy-policy\/","name":"Privacy Policy - Mojodas SPA","isPartOf":{"@id":"https:\/\/mojodasspa.com\/#website"},"datePublished":"2024-01-25T05:20:24+00:00","dateModified":"2025-07-31T08:27:37+00:00","breadcrumb":{"@id":"https:\/\/mojodasspa.com\/privacy-policy\/#breadcrumb"},"inLanguage":"de","potentialAction":[{"@type":"ReadAction","target":["https:\/\/mojodasspa.com\/privacy-policy\/"]}]},{"@type":"BreadcrumbList","@id":"https:\/\/mojodasspa.com\/privacy-policy\/#breadcrumb","itemListElement":[{"@type":"ListItem","position":1,"name":"Home","item":"https:\/\/mojodasspa.com\/"},{"@type":"ListItem","position":2,"name":"Privacy Policy"}]},{"@type":"WebSite","@id":"https:\/\/mojodasspa.com\/#website","url":"https:\/\/mojodasspa.com\/","name":"Mojodas SPA","description":"kubil\u0173 ir saun\u0173 gamykla","publisher":{"@id":"https:\/\/mojodasspa.com\/#organization"},"potentialAction":[{"@type":"SearchAction","target":{"@type":"EntryPoint","urlTemplate":"https:\/\/mojodasspa.com\/?s={search_term_string}"},"query-input":"required name=search_term_string"}],"inLanguage":"de"},{"@type":"Organization","@id":"https:\/\/mojodasspa.com\/#organization","name":"Mojodas SPA","url":"https:\/\/mojodasspa.com\/","logo":{"@type":"ImageObject","inLanguage":"de","@id":"https:\/\/mojodasspa.com\/#\/schema\/logo\/image\/","url":"https:\/\/mojodasspa.com\/wp-content\/uploads\/2024\/01\/Mask-Group-1-1-e1706790109278.png","contentUrl":"https:\/\/mojodasspa.com\/wp-content\/uploads\/2024\/01\/Mask-Group-1-1-e1706790109278.png","width":455,"height":205,"caption":"Mojodas SPA"},"image":{"@id":"https:\/\/mojodasspa.com\/#\/schema\/logo\/image\/"},"sameAs":["https:\/\/www.facebook.com\/profile.php?id=100093498679568"]}]}},"_links":{"self":[{"href":"https:\/\/mojodasspa.com\/de\/wp-json\/wp\/v2\/pages\/3","targetHints":{"allow":["GET"]}}],"collection":[{"href":"https:\/\/mojodasspa.com\/de\/wp-json\/wp\/v2\/pages"}],"about":[{"href":"https:\/\/mojodasspa.com\/de\/wp-json\/wp\/v2\/types\/page"}],"author":[{"embeddable":true,"href":"https:\/\/mojodasspa.com\/de\/wp-json\/wp\/v2\/users\/1"}],"replies":[{"embeddable":true,"href":"https:\/\/mojodasspa.com\/de\/wp-json\/wp\/v2\/comments?post=3"}],"version-history":[{"count":22,"href":"https:\/\/mojodasspa.com\/de\/wp-json\/wp\/v2\/pages\/3\/revisions"}],"predecessor-version":[{"id":3480,"href":"https:\/\/mojodasspa.com\/de\/wp-json\/wp\/v2\/pages\/3\/revisions\/3480"}],"wp:attachment":[{"href":"https:\/\/mojodasspa.com\/de\/wp-json\/wp\/v2\/media?parent=3"}],"curies":[{"name":"wp","href":"https:\/\/api.w.org\/{rel}","templated":true}]}}